{"id":109,"date":"2024-05-07T10:18:16","date_gmt":"2024-05-07T10:18:16","guid":{"rendered":"https:\/\/carmengnzz.estaciondiseno.es\/?page_id=109"},"modified":"2024-12-24T12:13:01","modified_gmt":"2024-12-24T12:13:01","slug":"sobre-mi","status":"publish","type":"page","link":"https:\/\/carmengnzz.es\/index.php\/sobre-mi\/","title":{"rendered":"SOBRE MI"},"content":{"rendered":"\t\t<div data-elementor-type=\"wp-page\" data-elementor-id=\"109\" class=\"elementor elementor-109\">\n\t\t\t\t<div class=\"elementor-element elementor-element-0f99a70 e-flex e-con-boxed e-con e-parent\" data-id=\"0f99a70\" data-element_type=\"container\">\n\t\t\t\t\t<div class=\"e-con-inner\">\n\t\t<div class=\"elementor-element elementor-element-c557f2e e-con-full e-flex e-con e-child\" data-id=\"c557f2e\" data-element_type=\"container\">\n\t\t\t\t<div class=\"elementor-element elementor-element-f48ef14 elementor-widget__width-initial elementor-widget elementor-widget-text-editor\" data-id=\"f48ef14\" data-element_type=\"widget\" data-widget_type=\"text-editor.default\">\n\t\t\t\t<div class=\"elementor-widget-container\">\n\t\t\t<style>\/*! elementor - v3.21.0 - 15-04-2024 *\/\n.elementor-widget-text-editor.elementor-drop-cap-view-stacked .elementor-drop-cap{background-color:#69727d;color:#fff}.elementor-widget-text-editor.elementor-drop-cap-view-framed .elementor-drop-cap{color:#69727d;border:3px solid;background-color:transparent}.elementor-widget-text-editor:not(.elementor-drop-cap-view-default) .elementor-drop-cap{margin-top:8px}.elementor-widget-text-editor:not(.elementor-drop-cap-view-default) .elementor-drop-cap-letter{width:1em;height:1em}.elementor-widget-text-editor .elementor-drop-cap{float:left;text-align:center;line-height:1;font-size:50px}.elementor-widget-text-editor .elementor-drop-cap-letter{display:inline-block}<\/style>\t\t\t\t<p><span style=\"font-family: 'Courier New', Courier; color: #000000;\">Hola! Soy Carmen Gonz\u00e1lez, nac\u00ed en Marbella, M\u00e1laga en el a\u00f1o 2003.<\/span><\/p>\n<p><span style=\"font-family: 'Courier New', Courier; color: #000000;\">Desde chica me gustan los dibujos animados y por ellos empezaba a dibujarlos. Unos a\u00f1os m\u00e1s tarde me apunt\u00e9 a clase de pintura y dibujo, donde estuve 6 a\u00f1os y aprend\u00ed \u00f3leo sobre lienzo y otras t\u00e9cnicas de dibujo como acuarelas y grafito.<\/span><\/p>\n<p><font color=\"#000000\" face=\"Courier New, Courier\">Me encanta descubrir nuevas t\u00e9cnicas de trabajo digital, como las que he tenido el placer de aprender en la escuela de dise\u00f1o gr\u00e1fico en la que estoy estudiando.<\/font><\/p>\t\t\t\t\t\t<\/div>\n\t\t\t\t<\/div>\n\t\t\t\t<\/div>\n\t\t<div class=\"elementor-element elementor-element-093a318 e-con-full e-flex e-con e-child\" data-id=\"093a318\" data-element_type=\"container\">\n\t\t\t\t<div class=\"elementor-element elementor-element-7399ab3 elementor-widget elementor-widget-image\" data-id=\"7399ab3\" data-element_type=\"widget\" data-widget_type=\"image.default\">\n\t\t\t\t<div class=\"elementor-widget-container\">\n\t\t\t<style>\/*! elementor - v3.21.0 - 15-04-2024 *\/\n.elementor-widget-image{text-align:center}.elementor-widget-image a{display:inline-block}.elementor-widget-image a img[src$=\".svg\"]{width:48px}.elementor-widget-image img{vertical-align:middle;display:inline-block}<\/style>\t\t\t\t\t\t\t\t\t\t<img fetchpriority=\"high\" decoding=\"async\" width=\"212\" height=\"300\" src=\"https:\/\/carmengnzz.es\/wp-content\/uploads\/2024\/12\/Dadaismo-212x300.jpg\" class=\"attachment-medium size-medium wp-image-1192\" alt=\"\" srcset=\"https:\/\/carmengnzz.es\/wp-content\/uploads\/2024\/12\/Dadaismo-212x300.jpg 212w, https:\/\/carmengnzz.es\/wp-content\/uploads\/2024\/12\/Dadaismo-724x1024.jpg 724w, https:\/\/carmengnzz.es\/wp-content\/uploads\/2024\/12\/Dadaismo-768x1086.jpg 768w, https:\/\/carmengnzz.es\/wp-content\/uploads\/2024\/12\/Dadaismo-1086x1536.jpg 1086w, https:\/\/carmengnzz.es\/wp-content\/uploads\/2024\/12\/Dadaismo-1448x2048.jpg 1448w, https:\/\/carmengnzz.es\/wp-content\/uploads\/2024\/12\/Dadaismo-scaled.jpg 1810w\" sizes=\"(max-width: 212px) 100vw, 212px\" \/>\t\t\t\t\t\t\t\t\t\t\t\t\t<\/div>\n\t\t\t\t<\/div>\n\t\t\t\t<\/div>\n\t\t\t\t\t<\/div>\n\t\t\t\t<\/div>\n\t\t\t\t<\/div>\n\t\t","protected":false},"excerpt":{"rendered":"<p>Hola! Soy Carmen Gonz\u00e1lez, nac\u00ed en Marbella, M\u00e1laga en el a\u00f1o 2003. Desde chica me gustan los dibujos animados y por ellos empezaba a dibujarlos. Unos a\u00f1os m\u00e1s tarde me apunt\u00e9 a clase de pintura y dibujo, donde estuve 6 a\u00f1os y aprend\u00ed \u00f3leo sobre lienzo y otras t\u00e9cnicas de dibujo como acuarelas y grafito. [&hellip;]<\/p>\n","protected":false},"author":1,"featured_media":0,"parent":0,"menu_order":0,"comment_status":"closed","ping_status":"closed","template":"","meta":{"footnotes":""},"class_list":["post-109","page","type-page","status-publish","hentry"],"yoast_head":"<!-- This site is optimized with the Yoast SEO plugin v22.4 - https:\/\/yoast.com\/wordpress\/plugins\/seo\/ -->\n<title>SOBRE MI - Carmen Gonzalez<\/title>\n<meta name=\"robots\" content=\"index, follow, max-snippet:-1, max-image-preview:large, max-video-preview:-1\" \/>\n<link rel=\"canonical\" href=\"https:\/\/carmengnzz.es\/index.php\/sobre-mi\/\" \/>\n<meta property=\"og:locale\" content=\"es_ES\" \/>\n<meta property=\"og:type\" content=\"article\" \/>\n<meta property=\"og:title\" content=\"SOBRE MI - Carmen Gonzalez\" \/>\n<meta property=\"og:description\" content=\"Hola! Soy Carmen Gonz\u00e1lez, nac\u00ed en Marbella, M\u00e1laga en el a\u00f1o 2003. Desde chica me gustan los dibujos animados y por ellos empezaba a dibujarlos. Unos a\u00f1os m\u00e1s tarde me apunt\u00e9 a clase de pintura y dibujo, donde estuve 6 a\u00f1os y aprend\u00ed \u00f3leo sobre lienzo y otras t\u00e9cnicas de dibujo como acuarelas y grafito. [&hellip;]\" \/>\n<meta property=\"og:url\" content=\"https:\/\/carmengnzz.es\/index.php\/sobre-mi\/\" \/>\n<meta property=\"og:site_name\" content=\"Carmen Gonzalez\" \/>\n<meta property=\"article:modified_time\" content=\"2024-12-24T12:13:01+00:00\" \/>\n<meta property=\"og:image\" content=\"https:\/\/carmengnzz.es\/wp-content\/uploads\/2024\/12\/Dadaismo-212x300.jpg\" \/>\n<meta name=\"twitter:card\" content=\"summary_large_image\" \/>\n<meta name=\"twitter:label1\" content=\"Tiempo de lectura\" \/>\n\t<meta name=\"twitter:data1\" content=\"1 minuto\" \/>\n<script type=\"application\/ld+json\" class=\"yoast-schema-graph\">{\"@context\":\"https:\/\/schema.org\",\"@graph\":[{\"@type\":\"WebPage\",\"@id\":\"https:\/\/carmengnzz.es\/index.php\/sobre-mi\/\",\"url\":\"https:\/\/carmengnzz.es\/index.php\/sobre-mi\/\",\"name\":\"SOBRE MI - Carmen Gonzalez\",\"isPartOf\":{\"@id\":\"https:\/\/carmengnzz.es\/#website\"},\"primaryImageOfPage\":{\"@id\":\"https:\/\/carmengnzz.es\/index.php\/sobre-mi\/#primaryimage\"},\"image\":{\"@id\":\"https:\/\/carmengnzz.es\/index.php\/sobre-mi\/#primaryimage\"},\"thumbnailUrl\":\"https:\/\/carmengnzz.es\/wp-content\/uploads\/2024\/12\/Dadaismo-212x300.jpg\",\"datePublished\":\"2024-05-07T10:18:16+00:00\",\"dateModified\":\"2024-12-24T12:13:01+00:00\",\"breadcrumb\":{\"@id\":\"https:\/\/carmengnzz.es\/index.php\/sobre-mi\/#breadcrumb\"},\"inLanguage\":\"es\",\"potentialAction\":[{\"@type\":\"ReadAction\",\"target\":[\"https:\/\/carmengnzz.es\/index.php\/sobre-mi\/\"]}]},{\"@type\":\"ImageObject\",\"inLanguage\":\"es\",\"@id\":\"https:\/\/carmengnzz.es\/index.php\/sobre-mi\/#primaryimage\",\"url\":\"https:\/\/carmengnzz.es\/wp-content\/uploads\/2024\/12\/Dadaismo-scaled.jpg\",\"contentUrl\":\"https:\/\/carmengnzz.es\/wp-content\/uploads\/2024\/12\/Dadaismo-scaled.jpg\",\"width\":1810,\"height\":2560},{\"@type\":\"BreadcrumbList\",\"@id\":\"https:\/\/carmengnzz.es\/index.php\/sobre-mi\/#breadcrumb\",\"itemListElement\":[{\"@type\":\"ListItem\",\"position\":1,\"name\":\"Portada\",\"item\":\"https:\/\/carmengnzz.es\/\"},{\"@type\":\"ListItem\",\"position\":2,\"name\":\"SOBRE MI\"}]},{\"@type\":\"WebSite\",\"@id\":\"https:\/\/carmengnzz.es\/#website\",\"url\":\"https:\/\/carmengnzz.es\/\",\"name\":\"Carmen Gonzalez\",\"description\":\"EL PORTFOLIO DE CARMEN GONZZ\",\"potentialAction\":[{\"@type\":\"SearchAction\",\"target\":{\"@type\":\"EntryPoint\",\"urlTemplate\":\"https:\/\/carmengnzz.es\/?s={search_term_string}\"},\"query-input\":\"required name=search_term_string\"}],\"inLanguage\":\"es\"}]}<\/script>\n<!-- \/ Yoast SEO plugin. -->","yoast_head_json":{"title":"SOBRE MI - Carmen Gonzalez","robots":{"index":"index","follow":"follow","max-snippet":"max-snippet:-1","max-image-preview":"max-image-preview:large","max-video-preview":"max-video-preview:-1"},"canonical":"https:\/\/carmengnzz.es\/index.php\/sobre-mi\/","og_locale":"es_ES","og_type":"article","og_title":"SOBRE MI - Carmen Gonzalez","og_description":"Hola! Soy Carmen Gonz\u00e1lez, nac\u00ed en Marbella, M\u00e1laga en el a\u00f1o 2003. Desde chica me gustan los dibujos animados y por ellos empezaba a dibujarlos. Unos a\u00f1os m\u00e1s tarde me apunt\u00e9 a clase de pintura y dibujo, donde estuve 6 a\u00f1os y aprend\u00ed \u00f3leo sobre lienzo y otras t\u00e9cnicas de dibujo como acuarelas y grafito. [&hellip;]","og_url":"https:\/\/carmengnzz.es\/index.php\/sobre-mi\/","og_site_name":"Carmen Gonzalez","article_modified_time":"2024-12-24T12:13:01+00:00","og_image":[{"url":"https:\/\/carmengnzz.es\/wp-content\/uploads\/2024\/12\/Dadaismo-212x300.jpg"}],"twitter_card":"summary_large_image","twitter_misc":{"Tiempo de lectura":"1 minuto"},"schema":{"@context":"https:\/\/schema.org","@graph":[{"@type":"WebPage","@id":"https:\/\/carmengnzz.es\/index.php\/sobre-mi\/","url":"https:\/\/carmengnzz.es\/index.php\/sobre-mi\/","name":"SOBRE MI - Carmen Gonzalez","isPartOf":{"@id":"https:\/\/carmengnzz.es\/#website"},"primaryImageOfPage":{"@id":"https:\/\/carmengnzz.es\/index.php\/sobre-mi\/#primaryimage"},"image":{"@id":"https:\/\/carmengnzz.es\/index.php\/sobre-mi\/#primaryimage"},"thumbnailUrl":"https:\/\/carmengnzz.es\/wp-content\/uploads\/2024\/12\/Dadaismo-212x300.jpg","datePublished":"2024-05-07T10:18:16+00:00","dateModified":"2024-12-24T12:13:01+00:00","breadcrumb":{"@id":"https:\/\/carmengnzz.es\/index.php\/sobre-mi\/#breadcrumb"},"inLanguage":"es","potentialAction":[{"@type":"ReadAction","target":["https:\/\/carmengnzz.es\/index.php\/sobre-mi\/"]}]},{"@type":"ImageObject","inLanguage":"es","@id":"https:\/\/carmengnzz.es\/index.php\/sobre-mi\/#primaryimage","url":"https:\/\/carmengnzz.es\/wp-content\/uploads\/2024\/12\/Dadaismo-scaled.jpg","contentUrl":"https:\/\/carmengnzz.es\/wp-content\/uploads\/2024\/12\/Dadaismo-scaled.jpg","width":1810,"height":2560},{"@type":"BreadcrumbList","@id":"https:\/\/carmengnzz.es\/index.php\/sobre-mi\/#breadcrumb","itemListElement":[{"@type":"ListItem","position":1,"name":"Portada","item":"https:\/\/carmengnzz.es\/"},{"@type":"ListItem","position":2,"name":"SOBRE MI"}]},{"@type":"WebSite","@id":"https:\/\/carmengnzz.es\/#website","url":"https:\/\/carmengnzz.es\/","name":"Carmen Gonzalez","description":"EL PORTFOLIO DE CARMEN GONZZ","potentialAction":[{"@type":"SearchAction","target":{"@type":"EntryPoint","urlTemplate":"https:\/\/carmengnzz.es\/?s={search_term_string}"},"query-input":"required name=search_term_string"}],"inLanguage":"es"}]}},"_links":{"self":[{"href":"https:\/\/carmengnzz.es\/index.php\/wp-json\/wp\/v2\/pages\/109","targetHints":{"allow":["GET"]}}],"collection":[{"href":"https:\/\/carmengnzz.es\/index.php\/wp-json\/wp\/v2\/pages"}],"about":[{"href":"https:\/\/carmengnzz.es\/index.php\/wp-json\/wp\/v2\/types\/page"}],"author":[{"embeddable":true,"href":"https:\/\/carmengnzz.es\/index.php\/wp-json\/wp\/v2\/users\/1"}],"replies":[{"embeddable":true,"href":"https:\/\/carmengnzz.es\/index.php\/wp-json\/wp\/v2\/comments?post=109"}],"version-history":[{"count":47,"href":"https:\/\/carmengnzz.es\/index.php\/wp-json\/wp\/v2\/pages\/109\/revisions"}],"predecessor-version":[{"id":1195,"href":"https:\/\/carmengnzz.es\/index.php\/wp-json\/wp\/v2\/pages\/109\/revisions\/1195"}],"wp:attachment":[{"href":"https:\/\/carmengnzz.es\/index.php\/wp-json\/wp\/v2\/media?parent=109"}],"curies":[{"name":"wp","href":"https:\/\/api.w.org\/{rel}","templated":true}]}}